{"id":21,"date":"2019-01-23T07:06:12","date_gmt":"2019-01-23T06:06:12","guid":{"rendered":"http:\/\/artgaucin.com\/?page_id=21"},"modified":"2022-04-27T19:37:56","modified_gmt":"2022-04-27T17:37:56","slug":"historia","status":"publish","type":"page","link":"https:\/\/artgaucin.com\/en\/historia\/","title":{"rendered":"Historia"},"content":{"rendered":"\n<figure class=\"wp-block-image alignwide\"><a href=\"http:\/\/artgaucin.com\/historia\/gaucin\/\"><img decoding=\"async\" loading=\"lazy\" width=\"1024\" height=\"320\" src=\"http:\/\/artgaucin.com\/wp-content\/uploads\/2019\/02\/gaucin-1024x320.jpg\" alt=\"\" class=\"wp-image-2221\" srcset=\"https:\/\/artgaucin.com\/wp-content\/uploads\/2019\/02\/gaucin-1024x320.jpg 1024w, https:\/\/artgaucin.com\/wp-content\/uploads\/2019\/02\/gaucin-300x94.jpg 300w, https:\/\/artgaucin.com\/wp-content\/uploads\/2019\/02\/gaucin-768x240.jpg 768w, https:\/\/artgaucin.com\/wp-content\/uploads\/2019\/02\/gaucin-870x272.jpg 870w, https:\/\/artgaucin.com\/wp-content\/uploads\/2019\/02\/gaucin-1860x581.jpg 1860w, https:\/\/artgaucin.com\/wp-content\/uploads\/2019\/02\/gaucin.jpg 1920w\" sizes=\"(max-width: 1024px) 100vw, 1024px\" \/><\/a><\/figure>\n\n\n\n<blockquote class=\"wp-block-quote is-style-large\"><p>&#8220;La belleza perece en la vida pero es inmortal en el arte&#8221;<\/p><cite>Leonardo da Vinci<\/cite><\/blockquote>\n\n\n\n<p>Los impresionantes &#8220;pueblos blancos&#8221; de Andaluc\u00eda han inspirado a los artistas durante siglos. Gauc\u00edn, ubicado en el balc\u00f3n de la Serran\u00eda de Ronda, est\u00e1 lleno de historia y encanto, lo que lo convierte en uno de los destinos m\u00e1s apetecibles de la regi\u00f3n. <\/p>\n\n\n\n<p>Mirando al espectacular valle del r\u00edo Genal y a \u00c1frica, Gauc\u00edn es un pintoresco pueblecito malague\u00f1o. Escondidos entre sus calles blancas llenas de flores podr\u00e1s encontrar los estudios de m\u00e1s de una veintena de artistas de todas las disciplinas. <\/p>\n\n\n\n<p>Nuestro grupo, Art Gauc\u00edn, ha crecido en las \u00faltimas dos d\u00e9cadas y ahora representa a m\u00e1s de 20 artistas espa\u00f1oles y extranjeros entre pintores, escultores, grabadores y fot\u00f3grafos. Varios de los miembros fundadores siguen trabajando aqu\u00ed en Gauc\u00edn; Juan Antonio Sangil, Ana Pell\u00f3n, Jim Rattenbury, Anna McGrane y Jennifer Waterhouse estuvieron entre los que participaron en nuestra primera exposici\u00f3n colectiva en 2002. <\/p>\n\n\n\n<p>Cada a\u00f1o, durante dos fines de semanas en el mes de mayo, abrimos de par en par las puertas de nuestros estudios para recibir a los visitantes y mostrarles nuestro \u00faltimo trabajo. Tambi\u00e9n puedes contactar con nosotros y concertar una cita para visitar aquellos estudios que te interesen.<\/p>\n\n\n\n<p>Te invitamos a que vengas a Gaucin y visites a los escultores, pintores, fot\u00f3grafos y grabadores que viven y trabajan aqu\u00ed, haciendo de tu visita una experiencia \u00fanica e inolvidable.<\/p>\n","protected":false},"excerpt":{"rendered":"<p>&#8220;La belleza perece en la vida pero es inmortal en el arte&#8221; Leonardo da Vinci Los impresionantes &#8220;pueblos blancos&#8221; de Andaluc\u00eda han inspirado a los artistas durante siglos. Gauc\u00edn, ubicado en el balc\u00f3n de la Serran\u00eda de Ronda, est\u00e1 lleno de historia y encanto, lo que lo convierte en uno de los destinos m\u00e1s apetecibles [&hellip;]<\/p>\n","protected":false},"author":2,"featured_media":0,"parent":0,"menu_order":0,"comment_status":"closed","ping_status":"closed","template":"","meta":{"footnotes":""},"acf":[],"featured_image_urls_v2":{"full":"","thumbnail":"","medium":"","medium_large":"","large":"","1536x1536":"","2048x2048":"","ab-block-post-grid-landscape":"","ab-block-post-grid-square":"","post-thumbnail":"","sullivan_fullscreen":""},"post_excerpt_stackable_v2":"<p>&#8220;La belleza perece en la vida pero es inmortal en el arte&#8221;Leonardo da Vinci Los impresionantes &#8220;pueblos blancos&#8221; de Andaluc\u00eda han inspirado a los artistas durante siglos. Gauc\u00edn, ubicado en el balc\u00f3n de la Serran\u00eda de Ronda, est\u00e1 lleno de historia y encanto, lo que lo convierte en uno de los destinos m\u00e1s apetecibles de la regi\u00f3n. Mirando al espectacular valle del r\u00edo Genal y a \u00c1frica, Gauc\u00edn es un pintoresco pueblecito malague\u00f1o. Escondidos entre sus calles blancas llenas de flores podr\u00e1s encontrar los estudios de m\u00e1s de una veintena de artistas de todas las disciplinas. Nuestro grupo, Art Gauc\u00edn,&hellip;<\/p>\n","category_list_v2":"","author_info_v2":{"name":"EditorGaucin","url":"https:\/\/artgaucin.com\/en\/author\/editorgaucin\/"},"comments_num_v2":"0 comments","yoast_head":"<!-- This site is optimized with the Yoast SEO plugin v22.3 - https:\/\/yoast.com\/wordpress\/plugins\/seo\/ -->\n<title>Historia - Art Gauc\u00edn<\/title>\n<meta name=\"robots\" content=\"index, follow, max-snippet:-1, max-image-preview:large, max-video-preview:-1\" \/>\n<link rel=\"canonical\" href=\"https:\/\/artgaucin.com\/historia\/\" \/>\n<meta property=\"og:locale\" content=\"en_US\" \/>\n<meta property=\"og:type\" content=\"article\" \/>\n<meta property=\"og:title\" content=\"Historia - Art Gauc\u00edn\" \/>\n<meta property=\"og:description\" content=\"&#8220;La belleza perece en la vida pero es inmortal en el arte&#8221; Leonardo da Vinci Los impresionantes &#8220;pueblos blancos&#8221; de Andaluc\u00eda han inspirado a los artistas durante siglos. Gauc\u00edn, ubicado en el balc\u00f3n de la Serran\u00eda de Ronda, est\u00e1 lleno de historia y encanto, lo que lo convierte en uno de los destinos m\u00e1s apetecibles [&hellip;]\" \/>\n<meta property=\"og:url\" content=\"https:\/\/artgaucin.com\/historia\/\" \/>\n<meta property=\"og:site_name\" content=\"Art Gauc\u00edn\" \/>\n<meta property=\"article:modified_time\" content=\"2022-04-27T17:37:56+00:00\" \/>\n<meta property=\"og:image\" content=\"http:\/\/artgaucin.com\/wp-content\/uploads\/2019\/02\/gaucin-1024x320.jpg\" \/>\n<meta name=\"twitter:card\" content=\"summary_large_image\" \/>\n<meta name=\"twitter:label1\" content=\"Est. reading time\" \/>\n\t<meta name=\"twitter:data1\" content=\"2 minutes\" \/>\n<script type=\"application\/ld+json\" class=\"yoast-schema-graph\">{\"@context\":\"https:\/\/schema.org\",\"@graph\":[{\"@type\":\"WebPage\",\"@id\":\"https:\/\/artgaucin.com\/historia\/\",\"url\":\"https:\/\/artgaucin.com\/historia\/\",\"name\":\"Historia - Art Gauc\u00edn\",\"isPartOf\":{\"@id\":\"https:\/\/artgaucin.com\/#website\"},\"primaryImageOfPage\":{\"@id\":\"https:\/\/artgaucin.com\/historia\/#primaryimage\"},\"image\":{\"@id\":\"https:\/\/artgaucin.com\/historia\/#primaryimage\"},\"thumbnailUrl\":\"http:\/\/artgaucin.com\/wp-content\/uploads\/2019\/02\/gaucin-1024x320.jpg\",\"datePublished\":\"2019-01-23T06:06:12+00:00\",\"dateModified\":\"2022-04-27T17:37:56+00:00\",\"breadcrumb\":{\"@id\":\"https:\/\/artgaucin.com\/historia\/#breadcrumb\"},\"inLanguage\":\"en-US\",\"potentialAction\":[{\"@type\":\"ReadAction\",\"target\":[\"https:\/\/artgaucin.com\/historia\/\"]}]},{\"@type\":\"ImageObject\",\"inLanguage\":\"en-US\",\"@id\":\"https:\/\/artgaucin.com\/historia\/#primaryimage\",\"url\":\"https:\/\/artgaucin.com\/wp-content\/uploads\/2019\/02\/gaucin.jpg\",\"contentUrl\":\"https:\/\/artgaucin.com\/wp-content\/uploads\/2019\/02\/gaucin.jpg\",\"width\":1920,\"height\":600},{\"@type\":\"BreadcrumbList\",\"@id\":\"https:\/\/artgaucin.com\/historia\/#breadcrumb\",\"itemListElement\":[{\"@type\":\"ListItem\",\"position\":1,\"name\":\"Home\",\"item\":\"https:\/\/artgaucin.com\/\"},{\"@type\":\"ListItem\",\"position\":2,\"name\":\"Historia\"}]},{\"@type\":\"WebSite\",\"@id\":\"https:\/\/artgaucin.com\/#website\",\"url\":\"https:\/\/artgaucin.com\/\",\"name\":\"Art Gauc\u00edn\",\"description\":\"\",\"potentialAction\":[{\"@type\":\"SearchAction\",\"target\":{\"@type\":\"EntryPoint\",\"urlTemplate\":\"https:\/\/artgaucin.com\/?s={search_term_string}\"},\"query-input\":\"required name=search_term_string\"}],\"inLanguage\":\"en-US\"}]}<\/script>\n<!-- \/ Yoast SEO plugin. -->","yoast_head_json":{"title":"Historia - Art Gauc\u00edn","robots":{"index":"index","follow":"follow","max-snippet":"max-snippet:-1","max-image-preview":"max-image-preview:large","max-video-preview":"max-video-preview:-1"},"canonical":"https:\/\/artgaucin.com\/historia\/","og_locale":"en_US","og_type":"article","og_title":"Historia - Art Gauc\u00edn","og_description":"&#8220;La belleza perece en la vida pero es inmortal en el arte&#8221; Leonardo da Vinci Los impresionantes &#8220;pueblos blancos&#8221; de Andaluc\u00eda han inspirado a los artistas durante siglos. Gauc\u00edn, ubicado en el balc\u00f3n de la Serran\u00eda de Ronda, est\u00e1 lleno de historia y encanto, lo que lo convierte en uno de los destinos m\u00e1s apetecibles [&hellip;]","og_url":"https:\/\/artgaucin.com\/historia\/","og_site_name":"Art Gauc\u00edn","article_modified_time":"2022-04-27T17:37:56+00:00","og_image":[{"url":"http:\/\/artgaucin.com\/wp-content\/uploads\/2019\/02\/gaucin-1024x320.jpg"}],"twitter_card":"summary_large_image","twitter_misc":{"Est. reading time":"2 minutes"},"schema":{"@context":"https:\/\/schema.org","@graph":[{"@type":"WebPage","@id":"https:\/\/artgaucin.com\/historia\/","url":"https:\/\/artgaucin.com\/historia\/","name":"Historia - Art Gauc\u00edn","isPartOf":{"@id":"https:\/\/artgaucin.com\/#website"},"primaryImageOfPage":{"@id":"https:\/\/artgaucin.com\/historia\/#primaryimage"},"image":{"@id":"https:\/\/artgaucin.com\/historia\/#primaryimage"},"thumbnailUrl":"http:\/\/artgaucin.com\/wp-content\/uploads\/2019\/02\/gaucin-1024x320.jpg","datePublished":"2019-01-23T06:06:12+00:00","dateModified":"2022-04-27T17:37:56+00:00","breadcrumb":{"@id":"https:\/\/artgaucin.com\/historia\/#breadcrumb"},"inLanguage":"en-US","potentialAction":[{"@type":"ReadAction","target":["https:\/\/artgaucin.com\/historia\/"]}]},{"@type":"ImageObject","inLanguage":"en-US","@id":"https:\/\/artgaucin.com\/historia\/#primaryimage","url":"https:\/\/artgaucin.com\/wp-content\/uploads\/2019\/02\/gaucin.jpg","contentUrl":"https:\/\/artgaucin.com\/wp-content\/uploads\/2019\/02\/gaucin.jpg","width":1920,"height":600},{"@type":"BreadcrumbList","@id":"https:\/\/artgaucin.com\/historia\/#breadcrumb","itemListElement":[{"@type":"ListItem","position":1,"name":"Home","item":"https:\/\/artgaucin.com\/"},{"@type":"ListItem","position":2,"name":"Historia"}]},{"@type":"WebSite","@id":"https:\/\/artgaucin.com\/#website","url":"https:\/\/artgaucin.com\/","name":"Art Gauc\u00edn","description":"","potentialAction":[{"@type":"SearchAction","target":{"@type":"EntryPoint","urlTemplate":"https:\/\/artgaucin.com\/?s={search_term_string}"},"query-input":"required name=search_term_string"}],"inLanguage":"en-US"}]}},"featured_image_src":null,"featured_image_src_square":null,"jetpack_sharing_enabled":true,"_links":{"self":[{"href":"https:\/\/artgaucin.com\/en\/wp-json\/wp\/v2\/pages\/21"}],"collection":[{"href":"https:\/\/artgaucin.com\/en\/wp-json\/wp\/v2\/pages"}],"about":[{"href":"https:\/\/artgaucin.com\/en\/wp-json\/wp\/v2\/types\/page"}],"author":[{"embeddable":true,"href":"https:\/\/artgaucin.com\/en\/wp-json\/wp\/v2\/users\/2"}],"replies":[{"embeddable":true,"href":"https:\/\/artgaucin.com\/en\/wp-json\/wp\/v2\/comments?post=21"}],"version-history":[{"count":5,"href":"https:\/\/artgaucin.com\/en\/wp-json\/wp\/v2\/pages\/21\/revisions"}],"predecessor-version":[{"id":4757,"href":"https:\/\/artgaucin.com\/en\/wp-json\/wp\/v2\/pages\/21\/revisions\/4757"}],"wp:attachment":[{"href":"https:\/\/artgaucin.com\/en\/wp-json\/wp\/v2\/media?parent=21"}],"curies":[{"name":"wp","href":"https:\/\/api.w.org\/{rel}","templated":true}]}}