{"id":2418,"date":"2019-02-21T15:19:46","date_gmt":"2019-02-21T14:19:46","guid":{"rendered":"http:\/\/artgaucin.com\/?page_id=2418"},"modified":"2026-04-25T13:26:39","modified_gmt":"2026-04-25T11:26:39","slug":"home","status":"publish","type":"page","link":"https:\/\/artgaucin.com\/en\/","title":{"rendered":"Home"},"content":{"rendered":"\n<div class=\"wp-block-columns alignfull is-layout-flex wp-container-2 wp-block-columns-is-layout-flex\">\n<div class=\"wp-block-column is-layout-flow wp-block-column-is-layout-flow\" style=\"flex-basis:100%\">\n<div class=\"wp-block-blockgallery-carousel\"><div class=\"is-cropped blockgallery has-no-alignment has-caption-style-dark has-horizontal-gutter\"><div class=\"has-carousel has-carousel-lrg\" style=\"height:591px\" data-flickity=\"{&quot;autoPlay&quot;:3000,&quot;draggable&quot;:true,&quot;pageDots&quot;:false,&quot;prevNextButtons&quot;:true,&quot;wrapAround&quot;:true,&quot;arrowShape&quot;:{&quot;x0&quot;:10,&quot;x1&quot;:60,&quot;y1&quot;:50,&quot;x2&quot;:65,&quot;y2&quot;:45,&quot;x3&quot;:20}}\"><div class=\"blockgallery--item\"><figure class=\"blockgallery--figure has-margin-left-5 has-margin-left-mobile-5 has-margin-right-5 has-margin-right-mobile-5\"><img decoding=\"async\" loading=\"lazy\" width=\"1024\" height=\"704\" src=\"https:\/\/artgaucin.com\/wp-content\/uploads\/2026\/04\/IMG_3230-1-1024x704.jpeg\" alt=\"\" data-id=\"9908\" data-link=\"https:\/\/artgaucin.com\/en\/home\/img_3230\/\" class=\"wp-image-9908\" srcset=\"https:\/\/artgaucin.com\/wp-content\/uploads\/2026\/04\/IMG_3230-1-1024x704.jpeg 1024w, https:\/\/artgaucin.com\/wp-content\/uploads\/2026\/04\/IMG_3230-1-300x206.jpeg 300w, https:\/\/artgaucin.com\/wp-content\/uploads\/2026\/04\/IMG_3230-1-768x528.jpeg 768w, https:\/\/artgaucin.com\/wp-content\/uploads\/2026\/04\/IMG_3230-1-870x598.jpeg 870w, https:\/\/artgaucin.com\/wp-content\/uploads\/2026\/04\/IMG_3230-1.jpeg 1280w\" sizes=\"(max-width: 1024px) 100vw, 1024px\" \/><\/figure><\/div><div class=\"blockgallery--item\"><figure class=\"blockgallery--figure has-margin-left-5 has-margin-left-mobile-5 has-margin-right-5 has-margin-right-mobile-5\"><img decoding=\"async\" loading=\"lazy\" width=\"1024\" height=\"750\" src=\"https:\/\/artgaucin.com\/wp-content\/uploads\/2026\/04\/0-1-1024x750.jpg\" alt=\"\" data-id=\"9906\" data-link=\"https:\/\/artgaucin.com\/en\/home\/attachment\/0\/\" class=\"wp-image-9906\" srcset=\"https:\/\/artgaucin.com\/wp-content\/uploads\/2026\/04\/0-1-1024x750.jpg 1024w, https:\/\/artgaucin.com\/wp-content\/uploads\/2026\/04\/0-1-300x220.jpg 300w, https:\/\/artgaucin.com\/wp-content\/uploads\/2026\/04\/0-1-768x562.jpg 768w, https:\/\/artgaucin.com\/wp-content\/uploads\/2026\/04\/0-1-1536x1125.jpg 1536w, https:\/\/artgaucin.com\/wp-content\/uploads\/2026\/04\/0-1-2048x1500.jpg 2048w, https:\/\/artgaucin.com\/wp-content\/uploads\/2026\/04\/0-1-870x637.jpg 870w, https:\/\/artgaucin.com\/wp-content\/uploads\/2026\/04\/0-1-1860x1362.jpg 1860w\" sizes=\"(max-width: 1024px) 100vw, 1024px\" \/><\/figure><\/div><div class=\"blockgallery--item\"><figure class=\"blockgallery--figure has-margin-left-5 has-margin-left-mobile-5 has-margin-right-5 has-margin-right-mobile-5\"><img decoding=\"async\" loading=\"lazy\" width=\"1024\" height=\"735\" src=\"https:\/\/artgaucin.com\/wp-content\/uploads\/2026\/04\/ABarclay_Print_Albero3-1-1024x735.jpg\" alt=\"\" data-id=\"9913\" data-link=\"https:\/\/artgaucin.com\/en\/home\/abarclay_print_albero3\/\" class=\"wp-image-9913\" srcset=\"https:\/\/artgaucin.com\/wp-content\/uploads\/2026\/04\/ABarclay_Print_Albero3-1-1024x735.jpg 1024w, https:\/\/artgaucin.com\/wp-content\/uploads\/2026\/04\/ABarclay_Print_Albero3-1-300x215.jpg 300w, https:\/\/artgaucin.com\/wp-content\/uploads\/2026\/04\/ABarclay_Print_Albero3-1-768x551.jpg 768w, https:\/\/artgaucin.com\/wp-content\/uploads\/2026\/04\/ABarclay_Print_Albero3-1-870x624.jpg 870w, https:\/\/artgaucin.com\/wp-content\/uploads\/2026\/04\/ABarclay_Print_Albero3-1.jpg 1417w\" sizes=\"(max-width: 1024px) 100vw, 1024px\" \/><\/figure><\/div><div class=\"blockgallery--item\"><figure class=\"blockgallery--figure has-margin-left-5 has-margin-left-mobile-5 has-margin-right-5 has-margin-right-mobile-5\"><img decoding=\"async\" loading=\"lazy\" width=\"1024\" height=\"488\" src=\"https:\/\/artgaucin.com\/wp-content\/uploads\/2026\/04\/0R0A6498-2-1-1024x488.jpg\" alt=\"\" data-id=\"9910\" data-link=\"https:\/\/artgaucin.com\/en\/home\/0r0a6498-2\/\" class=\"wp-image-9910\" srcset=\"https:\/\/artgaucin.com\/wp-content\/uploads\/2026\/04\/0R0A6498-2-1-1024x488.jpg 1024w, https:\/\/artgaucin.com\/wp-content\/uploads\/2026\/04\/0R0A6498-2-1-300x143.jpg 300w, https:\/\/artgaucin.com\/wp-content\/uploads\/2026\/04\/0R0A6498-2-1-768x366.jpg 768w, https:\/\/artgaucin.com\/wp-content\/uploads\/2026\/04\/0R0A6498-2-1-1536x732.jpg 1536w, https:\/\/artgaucin.com\/wp-content\/uploads\/2026\/04\/0R0A6498-2-1-2048x975.jpg 2048w, https:\/\/artgaucin.com\/wp-content\/uploads\/2026\/04\/0R0A6498-2-1-870x414.jpg 870w, https:\/\/artgaucin.com\/wp-content\/uploads\/2026\/04\/0R0A6498-2-1-1860x886.jpg 1860w\" sizes=\"(max-width: 1024px) 100vw, 1024px\" \/><\/figure><\/div><div class=\"blockgallery--item\"><figure class=\"blockgallery--figure has-margin-left-5 has-margin-left-mobile-5 has-margin-right-5 has-margin-right-mobile-5\"><img decoding=\"async\" loading=\"lazy\" width=\"1024\" height=\"567\" src=\"https:\/\/artgaucin.com\/wp-content\/uploads\/2026\/04\/VASO-DE-AGUA-1-1024x567.jpg\" alt=\"\" data-id=\"9901\" data-link=\"https:\/\/artgaucin.com\/en\/home\/vaso-de-agua\/\" class=\"wp-image-9901\" srcset=\"https:\/\/artgaucin.com\/wp-content\/uploads\/2026\/04\/VASO-DE-AGUA-1-1024x567.jpg 1024w, https:\/\/artgaucin.com\/wp-content\/uploads\/2026\/04\/VASO-DE-AGUA-1-300x166.jpg 300w, https:\/\/artgaucin.com\/wp-content\/uploads\/2026\/04\/VASO-DE-AGUA-1-768x425.jpg 768w, https:\/\/artgaucin.com\/wp-content\/uploads\/2026\/04\/VASO-DE-AGUA-1-1536x851.jpg 1536w, https:\/\/artgaucin.com\/wp-content\/uploads\/2026\/04\/VASO-DE-AGUA-1-2048x1135.jpg 2048w, https:\/\/artgaucin.com\/wp-content\/uploads\/2026\/04\/VASO-DE-AGUA-1-870x482.jpg 870w, https:\/\/artgaucin.com\/wp-content\/uploads\/2026\/04\/VASO-DE-AGUA-1-1860x1030.jpg 1860w\" sizes=\"(max-width: 1024px) 100vw, 1024px\" \/><\/figure><\/div><div class=\"blockgallery--item\"><figure class=\"blockgallery--figure has-margin-left-5 has-margin-left-mobile-5 has-margin-right-5 has-margin-right-mobile-5\"><img decoding=\"async\" loading=\"lazy\" width=\"1024\" height=\"768\" src=\"https:\/\/artgaucin.com\/wp-content\/uploads\/2026\/04\/anna-macgrane-cartel-1024x768.jpg\" alt=\"\" data-id=\"9903\" data-link=\"https:\/\/artgaucin.com\/en\/home\/anna-macgrane-cartel\/\" class=\"wp-image-9903\" srcset=\"https:\/\/artgaucin.com\/wp-content\/uploads\/2026\/04\/anna-macgrane-cartel-1024x768.jpg 1024w, https:\/\/artgaucin.com\/wp-content\/uploads\/2026\/04\/anna-macgrane-cartel-300x225.jpg 300w, https:\/\/artgaucin.com\/wp-content\/uploads\/2026\/04\/anna-macgrane-cartel-768x576.jpg 768w, https:\/\/artgaucin.com\/wp-content\/uploads\/2026\/04\/anna-macgrane-cartel-870x653.jpg 870w, https:\/\/artgaucin.com\/wp-content\/uploads\/2026\/04\/anna-macgrane-cartel.jpg 1296w\" sizes=\"(max-width: 1024px) 100vw, 1024px\" \/><\/figure><\/div><\/div><\/div><\/div>\n<\/div>\n<\/div>\n\n\n\n<div class=\"wp-block-columns alignwide has-2-columns is-layout-flex wp-container-5 wp-block-columns-is-layout-flex\">\n<div class=\"wp-block-column is-layout-flow wp-block-column-is-layout-flow\">\n<div class=\"wp-block-stackable-heading stk-block-heading stk-block-heading--v2 stk-block stk-9bc472a\" id=\"art-gaucin-2026\" data-block-id=\"9bc472a\"><h2 class=\"stk-block-heading__text\">Art Gauc\u00edn 2026<\/h2><\/div>\n\n\n\n<p>The new edition of Art Gaucin once again fills the streets of Gauc\u00edn with creativity, bringing together 20 artists from all disciplines across 16 studios open to the public. This year introduces new perspectives with Adrian Barclay and Bel\u00e9n Montero, alongside guest artists Roderic Stokes and Jos\u00e9 Mar\u00eda D\u00edez.<\/p>\n\n\n\n<p>Over two consecutive weekends, from 11:00 to 19:00, visitors can step inside the studios, meet the artists, and experience their creative processes firsthand. The event also features a group exhibition at the Centro Cultural El Convento and a visit to the Galer\u00eda Shap\u00f3 Ol\u00e9, offering a unique artistic experience in the province of M\u00e1laga.<\/p>\n\n\n\n<figure class=\"wp-block-image size-large\"><img decoding=\"async\" loading=\"lazy\" width=\"724\" height=\"1024\" src=\"https:\/\/artgaucin.com\/wp-content\/uploads\/2026\/04\/DEFINITIVO-CARTEL-ART-GAUCIN-2026-3-724x1024.jpg\" alt=\"\" class=\"wp-image-9974\" srcset=\"https:\/\/artgaucin.com\/wp-content\/uploads\/2026\/04\/DEFINITIVO-CARTEL-ART-GAUCIN-2026-3-724x1024.jpg 724w, https:\/\/artgaucin.com\/wp-content\/uploads\/2026\/04\/DEFINITIVO-CARTEL-ART-GAUCIN-2026-3-212x300.jpg 212w, https:\/\/artgaucin.com\/wp-content\/uploads\/2026\/04\/DEFINITIVO-CARTEL-ART-GAUCIN-2026-3-768x1086.jpg 768w, https:\/\/artgaucin.com\/wp-content\/uploads\/2026\/04\/DEFINITIVO-CARTEL-ART-GAUCIN-2026-3-1086x1536.jpg 1086w, https:\/\/artgaucin.com\/wp-content\/uploads\/2026\/04\/DEFINITIVO-CARTEL-ART-GAUCIN-2026-3-1448x2048.jpg 1448w, https:\/\/artgaucin.com\/wp-content\/uploads\/2026\/04\/DEFINITIVO-CARTEL-ART-GAUCIN-2026-3-870x1230.jpg 870w, https:\/\/artgaucin.com\/wp-content\/uploads\/2026\/04\/DEFINITIVO-CARTEL-ART-GAUCIN-2026-3-1860x2630.jpg 1860w, https:\/\/artgaucin.com\/wp-content\/uploads\/2026\/04\/DEFINITIVO-CARTEL-ART-GAUCIN-2026-3-scaled.jpg 1810w\" sizes=\"(max-width: 724px) 100vw, 724px\" \/><\/figure>\n<\/div>\n\n\n\n<div class=\"wp-block-column is-layout-flow wp-block-column-is-layout-flow\">\n<h2 class=\"wp-block-heading\">Art Gauc\u00edn 2026<\/h2>\n\n\n\n<p>This year, Art Gauc\u00edn has some new developments. Although we have lost a few members, we have two new additions to the collective: Bel\u00e9n Montero, textile art, and Adrian Barclay, painting and printmaking. We welcome them and wish them all the best in this new venture.<\/p>\n\n\n\n<p>As has been the case in recent years, the \u2018El Convento\u2019 Cultural Centre will host a group exhibition featuring all the artists from Art Gauc\u00edn and this year\u2019s two guest artists: Roderic Stokes and Jose Mar\u00eda D\u00edez. On the upper floors of the Convento, we will be able to enjoy the work of our guests.<\/p>\n\n\n\n<p>Painting, printmaking, drawing, sculpture, installation\u2026 await you.<\/p>\n\n\n\n<figure class=\"wp-block-image size-large\"><img decoding=\"async\" loading=\"lazy\" width=\"1024\" height=\"1024\" src=\"https:\/\/artgaucin.com\/wp-content\/uploads\/2026\/04\/FECHAS-ARTGAUCIN-2026-INSTAG-4-1024x1024.jpg\" alt=\"\" class=\"wp-image-9972\" srcset=\"https:\/\/artgaucin.com\/wp-content\/uploads\/2026\/04\/FECHAS-ARTGAUCIN-2026-INSTAG-4-1024x1024.jpg 1024w, https:\/\/artgaucin.com\/wp-content\/uploads\/2026\/04\/FECHAS-ARTGAUCIN-2026-INSTAG-4-300x300.jpg 300w, https:\/\/artgaucin.com\/wp-content\/uploads\/2026\/04\/FECHAS-ARTGAUCIN-2026-INSTAG-4-150x150.jpg 150w, https:\/\/artgaucin.com\/wp-content\/uploads\/2026\/04\/FECHAS-ARTGAUCIN-2026-INSTAG-4-768x768.jpg 768w, https:\/\/artgaucin.com\/wp-content\/uploads\/2026\/04\/FECHAS-ARTGAUCIN-2026-INSTAG-4-600x600.jpg 600w, https:\/\/artgaucin.com\/wp-content\/uploads\/2026\/04\/FECHAS-ARTGAUCIN-2026-INSTAG-4-870x870.jpg 870w, https:\/\/artgaucin.com\/wp-content\/uploads\/2026\/04\/FECHAS-ARTGAUCIN-2026-INSTAG-4.jpg 1200w\" sizes=\"(max-width: 1024px) 100vw, 1024px\" \/><\/figure>\n<\/div>\n<\/div>\n","protected":false},"excerpt":{"rendered":"<p>Art Gauc\u00edn 2026 The new edition of Art Gaucin once again fills the streets of Gauc\u00edn with creativity, bringing together 20 artists from all disciplines across 16 studios open to the public. This year introduces new perspectives with Adrian Barclay and Bel\u00e9n Montero, alongside guest artists Roderic Stokes and Jos\u00e9 Mar\u00eda D\u00edez. Over two consecutive [&hellip;]<\/p>\n","protected":false},"author":2,"featured_media":0,"parent":0,"menu_order":0,"comment_status":"closed","ping_status":"closed","template":"","meta":{"footnotes":""},"acf":[],"featured_image_urls_v2":{"full":"","thumbnail":"","medium":"","medium_large":"","large":"","1536x1536":"","2048x2048":"","ab-block-post-grid-landscape":"","ab-block-post-grid-square":"","post-thumbnail":"","sullivan_fullscreen":""},"post_excerpt_stackable_v2":"<p>Art Gauc\u00edn 2026 The new edition of Art Gaucin once again fills the streets of Gauc\u00edn with creativity, bringing together 20 artists from all disciplines across 16 studios open to the public. This year introduces new perspectives with Adrian Barclay and Bel\u00e9n Montero, alongside guest artists Roderic Stokes and Jos\u00e9 Mar\u00eda D\u00edez. Over two consecutive weekends, from 11:00 to 19:00, visitors can step inside the studios, meet the artists, and experience their creative processes firsthand. The event also features a group exhibition at the Centro Cultural El Convento and a visit to the Galer\u00eda Shap\u00f3 Ol\u00e9, offering a unique artistic&hellip;<\/p>\n","category_list_v2":"","author_info_v2":{"name":"EditorGaucin","url":"https:\/\/artgaucin.com\/en\/author\/editorgaucin\/"},"comments_num_v2":"0 comments","yoast_head":"<!-- This site is optimized with the Yoast SEO plugin v22.3 - https:\/\/yoast.com\/wordpress\/plugins\/seo\/ -->\n<title>Home - Art Gauc\u00edn<\/title>\n<meta name=\"robots\" content=\"index, follow, max-snippet:-1, max-image-preview:large, max-video-preview:-1\" \/>\n<link rel=\"canonical\" href=\"https:\/\/artgaucin.com\/\" \/>\n<meta property=\"og:locale\" content=\"en_US\" \/>\n<meta property=\"og:type\" content=\"article\" \/>\n<meta property=\"og:title\" content=\"Home - Art Gauc\u00edn\" \/>\n<meta property=\"og:description\" content=\"Art Gauc\u00edn 2026 The new edition of Art Gaucin once again fills the streets of Gauc\u00edn with creativity, bringing together 20 artists from all disciplines across 16 studios open to the public. This year introduces new perspectives with Adrian Barclay and Bel\u00e9n Montero, alongside guest artists Roderic Stokes and Jos\u00e9 Mar\u00eda D\u00edez. Over two consecutive [&hellip;]\" \/>\n<meta property=\"og:url\" content=\"https:\/\/artgaucin.com\/\" \/>\n<meta property=\"og:site_name\" content=\"Art Gauc\u00edn\" \/>\n<meta property=\"article:modified_time\" content=\"2026-04-25T11:26:39+00:00\" \/>\n<meta property=\"og:image\" content=\"https:\/\/artgaucin.com\/wp-content\/uploads\/2026\/04\/IMG_3230-1-1024x704.jpeg\" \/>\n<meta name=\"twitter:card\" content=\"summary_large_image\" \/>\n<meta name=\"twitter:label1\" content=\"Est. reading time\" \/>\n\t<meta name=\"twitter:data1\" content=\"3 minutes\" \/>\n<script type=\"application\/ld+json\" class=\"yoast-schema-graph\">{\"@context\":\"https:\/\/schema.org\",\"@graph\":[{\"@type\":\"WebPage\",\"@id\":\"https:\/\/artgaucin.com\/\",\"url\":\"https:\/\/artgaucin.com\/\",\"name\":\"Home - Art Gauc\u00edn\",\"isPartOf\":{\"@id\":\"https:\/\/artgaucin.com\/#website\"},\"primaryImageOfPage\":{\"@id\":\"https:\/\/artgaucin.com\/#primaryimage\"},\"image\":{\"@id\":\"https:\/\/artgaucin.com\/#primaryimage\"},\"thumbnailUrl\":\"https:\/\/artgaucin.com\/wp-content\/uploads\/2026\/04\/IMG_3230-1-1024x704.jpeg\",\"datePublished\":\"2019-02-21T14:19:46+00:00\",\"dateModified\":\"2026-04-25T11:26:39+00:00\",\"breadcrumb\":{\"@id\":\"https:\/\/artgaucin.com\/#breadcrumb\"},\"inLanguage\":\"en-US\",\"potentialAction\":[{\"@type\":\"ReadAction\",\"target\":[\"https:\/\/artgaucin.com\/\"]}]},{\"@type\":\"ImageObject\",\"inLanguage\":\"en-US\",\"@id\":\"https:\/\/artgaucin.com\/#primaryimage\",\"url\":\"https:\/\/artgaucin.com\/wp-content\/uploads\/2026\/04\/IMG_3230-1-1024x704.jpeg\",\"contentUrl\":\"https:\/\/artgaucin.com\/wp-content\/uploads\/2026\/04\/IMG_3230-1-1024x704.jpeg\"},{\"@type\":\"BreadcrumbList\",\"@id\":\"https:\/\/artgaucin.com\/#breadcrumb\",\"itemListElement\":[{\"@type\":\"ListItem\",\"position\":1,\"name\":\"Home\",\"item\":\"https:\/\/artgaucin.com\/\"},{\"@type\":\"ListItem\",\"position\":2,\"name\":\"Home\"}]},{\"@type\":\"WebSite\",\"@id\":\"https:\/\/artgaucin.com\/#website\",\"url\":\"https:\/\/artgaucin.com\/\",\"name\":\"Art Gauc\u00edn\",\"description\":\"\",\"potentialAction\":[{\"@type\":\"SearchAction\",\"target\":{\"@type\":\"EntryPoint\",\"urlTemplate\":\"https:\/\/artgaucin.com\/?s={search_term_string}\"},\"query-input\":\"required name=search_term_string\"}],\"inLanguage\":\"en-US\"}]}<\/script>\n<!-- \/ Yoast SEO plugin. -->","yoast_head_json":{"title":"Home - Art Gauc\u00edn","robots":{"index":"index","follow":"follow","max-snippet":"max-snippet:-1","max-image-preview":"max-image-preview:large","max-video-preview":"max-video-preview:-1"},"canonical":"https:\/\/artgaucin.com\/","og_locale":"en_US","og_type":"article","og_title":"Home - Art Gauc\u00edn","og_description":"Art Gauc\u00edn 2026 The new edition of Art Gaucin once again fills the streets of Gauc\u00edn with creativity, bringing together 20 artists from all disciplines across 16 studios open to the public. This year introduces new perspectives with Adrian Barclay and Bel\u00e9n Montero, alongside guest artists Roderic Stokes and Jos\u00e9 Mar\u00eda D\u00edez. Over two consecutive [&hellip;]","og_url":"https:\/\/artgaucin.com\/","og_site_name":"Art Gauc\u00edn","article_modified_time":"2026-04-25T11:26:39+00:00","og_image":[{"url":"https:\/\/artgaucin.com\/wp-content\/uploads\/2026\/04\/IMG_3230-1-1024x704.jpeg"}],"twitter_card":"summary_large_image","twitter_misc":{"Est. reading time":"3 minutes"},"schema":{"@context":"https:\/\/schema.org","@graph":[{"@type":"WebPage","@id":"https:\/\/artgaucin.com\/","url":"https:\/\/artgaucin.com\/","name":"Home - Art Gauc\u00edn","isPartOf":{"@id":"https:\/\/artgaucin.com\/#website"},"primaryImageOfPage":{"@id":"https:\/\/artgaucin.com\/#primaryimage"},"image":{"@id":"https:\/\/artgaucin.com\/#primaryimage"},"thumbnailUrl":"https:\/\/artgaucin.com\/wp-content\/uploads\/2026\/04\/IMG_3230-1-1024x704.jpeg","datePublished":"2019-02-21T14:19:46+00:00","dateModified":"2026-04-25T11:26:39+00:00","breadcrumb":{"@id":"https:\/\/artgaucin.com\/#breadcrumb"},"inLanguage":"en-US","potentialAction":[{"@type":"ReadAction","target":["https:\/\/artgaucin.com\/"]}]},{"@type":"ImageObject","inLanguage":"en-US","@id":"https:\/\/artgaucin.com\/#primaryimage","url":"https:\/\/artgaucin.com\/wp-content\/uploads\/2026\/04\/IMG_3230-1-1024x704.jpeg","contentUrl":"https:\/\/artgaucin.com\/wp-content\/uploads\/2026\/04\/IMG_3230-1-1024x704.jpeg"},{"@type":"BreadcrumbList","@id":"https:\/\/artgaucin.com\/#breadcrumb","itemListElement":[{"@type":"ListItem","position":1,"name":"Home","item":"https:\/\/artgaucin.com\/"},{"@type":"ListItem","position":2,"name":"Home"}]},{"@type":"WebSite","@id":"https:\/\/artgaucin.com\/#website","url":"https:\/\/artgaucin.com\/","name":"Art Gauc\u00edn","description":"","potentialAction":[{"@type":"SearchAction","target":{"@type":"EntryPoint","urlTemplate":"https:\/\/artgaucin.com\/?s={search_term_string}"},"query-input":"required name=search_term_string"}],"inLanguage":"en-US"}]}},"featured_image_src":null,"featured_image_src_square":null,"jetpack_sharing_enabled":true,"_links":{"self":[{"href":"https:\/\/artgaucin.com\/en\/wp-json\/wp\/v2\/pages\/2418"}],"collection":[{"href":"https:\/\/artgaucin.com\/en\/wp-json\/wp\/v2\/pages"}],"about":[{"href":"https:\/\/artgaucin.com\/en\/wp-json\/wp\/v2\/types\/page"}],"author":[{"embeddable":true,"href":"https:\/\/artgaucin.com\/en\/wp-json\/wp\/v2\/users\/2"}],"replies":[{"embeddable":true,"href":"https:\/\/artgaucin.com\/en\/wp-json\/wp\/v2\/comments?post=2418"}],"version-history":[{"count":62,"href":"https:\/\/artgaucin.com\/en\/wp-json\/wp\/v2\/pages\/2418\/revisions"}],"predecessor-version":[{"id":9978,"href":"https:\/\/artgaucin.com\/en\/wp-json\/wp\/v2\/pages\/2418\/revisions\/9978"}],"wp:attachment":[{"href":"https:\/\/artgaucin.com\/en\/wp-json\/wp\/v2\/media?parent=2418"}],"curies":[{"name":"wp","href":"https:\/\/api.w.org\/{rel}","templated":true}]}}