{"id":5876,"date":"2022-04-12T11:41:33","date_gmt":"2022-04-12T09:41:33","guid":{"rendered":"http:\/\/artgaucin.com\/noticias\/"},"modified":"2022-04-22T19:12:11","modified_gmt":"2022-04-22T17:12:11","slug":"news","status":"publish","type":"page","link":"https:\/\/artgaucin.com\/en\/news\/","title":{"rendered":"News"},"content":{"rendered":"\n<div class=\"alignwide wp-block-ugb-blog-posts ugb-blog-posts ugb-2f2bf96 ugb-blog-posts--v2 ugb-blog-posts--design-basic ugb-blog-posts--columns-2 ugb-main-block\"><style>.ugb-2f2bf96 .ugb-blog-posts__featured-image{border-radius:0px !important}.ugb-2f2bf96 .ugb-blog-posts__title{font-family:-apple-system,BlinkMacSystemFont,\"Segoe UI\",Roboto,Helvetica,Arial,sans-serif,\"Apple Color Emoji\",\"Segoe UI Emoji\",\"Segoe UI Symbol\" !important}<\/style><div class=\"ugb-inner-block\"><div class=\"ugb-block-content\"><article class=\"ugb-blog-posts__item\"><div class=\"ugb-blog-posts__content\"><figure class=\"ugb-blog-posts__featured-image\"><a href=\"https:\/\/artgaucin.com\/en\/art-gaucin-2025-2\/\"><img decoding=\"async\" loading=\"lazy\" width=\"600\" height=\"159\" src=\"https:\/\/artgaucin.com\/wp-content\/uploads\/2025\/04\/cabecera-blog-art-gaucin-1024x271.jpg\" class=\"attachment-large size-large wp-post-image\" alt=\"\" \/><\/a><\/figure><h3 class=\"ugb-blog-posts__title\"><a href=\"https:\/\/artgaucin.com\/en\/art-gaucin-2025-2\/\">Art Gauc\u00edn 2025<\/a><\/h3><div class=\"ugb-blog-posts__excerpt\"><p>New edition of Art Gauc\u00edn. May 23, 24 and 25 and May 30, 31 and June 1. This year 18 artists will open the doors of their studios as every year. The two invited artists this year are Humberto Ybarra and David Crespo.We are waiting for you in Gauc\u00edn to enjoy one more year of&#8230;<\/div><p class=\"ugb-blog-posts__readmore\"><a href=\"https:\/\/artgaucin.com\/en\/art-gaucin-2025-2\/\">Read more<\/a><\/p><\/div><\/article><article class=\"ugb-blog-posts__item\"><div class=\"ugb-blog-posts__content\"><figure class=\"ugb-blog-posts__featured-image\"><a href=\"https:\/\/artgaucin.com\/en\/the-museo-del-realismo-espanol-contemporaneo-murec-almeria-presents-the-exhibition-almeria-la-tierra-ausente-by-the\/\"><img decoding=\"async\" loading=\"lazy\" width=\"600\" height=\"814\" src=\"https:\/\/artgaucin.com\/wp-content\/uploads\/2025\/02\/cartel-MUREC-755x1024.jpg\" class=\"attachment-large size-large wp-post-image\" alt=\"\" \/><\/a><\/figure><h3 class=\"ugb-blog-posts__title\"><a href=\"https:\/\/artgaucin.com\/en\/the-museo-del-realismo-espanol-contemporaneo-murec-almeria-presents-the-exhibition-almeria-la-tierra-ausente-by-the\/\">The Museo del Realismo Espa\u00f1ol Contempor\u00e1neo (MUREC, Almer\u00eda) presents the exhibition &#8221; Almer\u00eda. La tierra ausente&#8221; by the<\/a><\/h3><div class=\"ugb-blog-posts__excerpt\"><p>The Museo del Realismo Espa\u00f1ol Contempor\u00e1neo (MUREC, Almer\u00eda) presents the exhibition Almer\u00eda. La tierra ausente by the painter Joseba S\u00e1nchez Zabaleta (Cistierna, Le\u00f3n, 1970), in which he expresses the sensitive and spiritual experience that the province produces in him and how it has inspired him to create his series El olvido que nos habita, from&#8230;<\/div><p class=\"ugb-blog-posts__readmore\"><a href=\"https:\/\/artgaucin.com\/en\/the-museo-del-realismo-espanol-contemporaneo-murec-almeria-presents-the-exhibition-almeria-la-tierra-ausente-by-the\/\">Read more<\/a><\/p><\/div><\/article><article class=\"ugb-blog-posts__item\"><div class=\"ugb-blog-posts__content\"><figure class=\"ugb-blog-posts__featured-image\"><a href=\"https:\/\/artgaucin.com\/en\/raffaela-zenoni-publishes-sleeping-in-a-mosaic\/\"><img decoding=\"async\" loading=\"lazy\" width=\"600\" height=\"787\" src=\"https:\/\/artgaucin.com\/wp-content\/uploads\/2025\/01\/0G7A9657-781x1024.jpg\" class=\"attachment-large size-large wp-post-image\" alt=\"\" \/><\/a><\/figure><h3 class=\"ugb-blog-posts__title\"><a href=\"https:\/\/artgaucin.com\/en\/raffaela-zenoni-publishes-sleeping-in-a-mosaic\/\">Raffaela Zenoni  publishes \u2018Sleeping in a mosaic\u2019<\/a><\/h3><div class=\"ugb-blog-posts__excerpt\"><p>In this art novel \u2018Sleeping in a Mosaic\u2019 , imaginative literature corresponds with inspiring paintings. The book tells the story of Marie and her aunt Selva in a playful yet profound way. Together with the versatile amber Amael, they embark on an adventurous journey and repeatedly dive into the sunken city, where they explore the&#8230;<\/div><p class=\"ugb-blog-posts__readmore\"><a href=\"https:\/\/artgaucin.com\/en\/raffaela-zenoni-publishes-sleeping-in-a-mosaic\/\">Read more<\/a><\/p><\/div><\/article><article class=\"ugb-blog-posts__item\"><div class=\"ugb-blog-posts__content\"><figure class=\"ugb-blog-posts__featured-image\"><a href=\"https:\/\/artgaucin.com\/en\/juan-antonio-sangil-participates-in-the-collective-exhibition-la-reunion-at-the-cultural-center-el-convento-in-gaucin\/\"><img decoding=\"async\" loading=\"lazy\" width=\"600\" height=\"600\" src=\"https:\/\/artgaucin.com\/wp-content\/uploads\/2024\/08\/la-reunion-1024x1024.jpeg\" class=\"attachment-large size-large wp-post-image\" alt=\"\" \/><\/a><\/figure><h3 class=\"ugb-blog-posts__title\"><a href=\"https:\/\/artgaucin.com\/en\/juan-antonio-sangil-participates-in-the-collective-exhibition-la-reunion-at-the-cultural-center-el-convento-in-gaucin\/\">Juan Antonio Sangil participates in the collective exhibition \u201cLa reuni\u00f3n\u201d at the cultural center El Convento in Gauc\u00edn.<\/a><\/h3><div class=\"ugb-blog-posts__excerpt\"><p>Considered for many years as a minor art, ceramics is experiencing a sweet moment and now occupies a relevant place in the contemporary art scene in its own right. LA REUNI\u00d3N was born from the desire to promote the exhibition of artists who work with ceramics, showing the many possibilities it offers within the current&#8230;<\/div><p class=\"ugb-blog-posts__readmore\"><a href=\"https:\/\/artgaucin.com\/en\/juan-antonio-sangil-participates-in-the-collective-exhibition-la-reunion-at-the-cultural-center-el-convento-in-gaucin\/\">Read more<\/a><\/p><\/div><\/article><article class=\"ugb-blog-posts__item\"><div class=\"ugb-blog-posts__content\"><figure class=\"ugb-blog-posts__featured-image\"><a href=\"https:\/\/artgaucin.com\/en\/raffaela-zenoni-new-exhibition-in-split-croatia\/\"><img decoding=\"async\" loading=\"lazy\" width=\"600\" height=\"851\" src=\"https:\/\/artgaucin.com\/wp-content\/uploads\/2024\/05\/Split2024_mgs_sgv_plakat_zenoni-1-722x1024.jpg\" class=\"attachment-large size-large wp-post-image\" alt=\"\" \/><\/a><\/figure><h3 class=\"ugb-blog-posts__title\"><a href=\"https:\/\/artgaucin.com\/en\/raffaela-zenoni-new-exhibition-in-split-croatia\/\">Raffaela Zenoni: New exhibition in Split, Croatia.<\/a><\/h3><div class=\"ugb-blog-posts__excerpt\"><p>The old town hall in Split houses Raffaela Zenoni&#8217;s new exhibition &#8220;Assembly&#8221;. The concept of &#8220;Assembly&#8221; elegantly links the historical function of the exhibition space with the central portrait theme of the work presented. It should be noted that the assemblage of Raffaela Zenoni&#8217;s works for this exhibition, in addition to painting, includes two types&#8230;<\/div><p class=\"ugb-blog-posts__readmore\"><a href=\"https:\/\/artgaucin.com\/en\/raffaela-zenoni-new-exhibition-in-split-croatia\/\">Read more<\/a><\/p><\/div><\/article><article class=\"ugb-blog-posts__item\"><div class=\"ugb-blog-posts__content\"><figure class=\"ugb-blog-posts__featured-image\"><a href=\"https:\/\/artgaucin.com\/en\/art-gaucin-2024\/\"><img decoding=\"async\" loading=\"lazy\" width=\"600\" height=\"218\" src=\"https:\/\/artgaucin.com\/wp-content\/uploads\/2024\/05\/CABECERA-ART-GAUCIN-2024-OK-1024x372.jpg\" class=\"attachment-large size-large wp-post-image\" alt=\"\" \/><\/a><\/figure><h3 class=\"ugb-blog-posts__title\"><a href=\"https:\/\/artgaucin.com\/en\/art-gaucin-2024\/\">Art Gauc\u00edn 2024<\/a><\/h3><div class=\"ugb-blog-posts__excerpt\"><p>Welcome to a new edition of Art Gauc\u00edn open Studios 2024. This year 23 artists will open the doors of their studios as they do every year. This year a new member Peter Dover joins the team.The two guest artists this year are Elena Camacho and B\u00e1rbara Sunhy.We are waiting for you all in Gauc\u00edn&#8230;<\/div><p class=\"ugb-blog-posts__readmore\"><a href=\"https:\/\/artgaucin.com\/en\/art-gaucin-2024\/\">Read more<\/a><\/p><\/div><\/article><article class=\"ugb-blog-posts__item\"><div class=\"ugb-blog-posts__content\"><figure class=\"ugb-blog-posts__featured-image\"><a href=\"https:\/\/artgaucin.com\/en\/joseba-sanchez-zabaleta-pasa-a-formar-parte-de-la-coleccion-permanente-del-recien-inaugurado-museo-de-realismo-espanol-contemporaneo-de-almeria-2\/\"><img decoding=\"async\" loading=\"lazy\" width=\"534\" height=\"648\" src=\"https:\/\/artgaucin.com\/wp-content\/uploads\/2024\/03\/Platos-de-Ciguera-1.jpg\" class=\"attachment-large size-large wp-post-image\" alt=\"\" \/><\/a><\/figure><h3 class=\"ugb-blog-posts__title\"><a href=\"https:\/\/artgaucin.com\/en\/joseba-sanchez-zabaleta-pasa-a-formar-parte-de-la-coleccion-permanente-del-recien-inaugurado-museo-de-realismo-espanol-contemporaneo-de-almeria-2\/\">Joseba S\u00e1nchez Zabaleta becomes part of the permanent collection of the recently inaugurated Museum of Contemporary Spanish Realism in Almer\u00eda.<\/a><\/h3><div class=\"ugb-blog-posts__excerpt\"><p>Art Gauc\u00edn member Joseba S\u00e1nchez Zabaleta becomes part of the permanent collection of the MUREC. On Friday 15th March 2024 the Museum of Contemporary Spanish Realism, MUREC, was inaugurated in Almer\u00eda: the only museum in the country dedicated to this artistic movement. It is housed in an emblematic 16th century building, the former Santa Mar\u00eda&#8230;<\/div><p class=\"ugb-blog-posts__readmore\"><a href=\"https:\/\/artgaucin.com\/en\/joseba-sanchez-zabaleta-pasa-a-formar-parte-de-la-coleccion-permanente-del-recien-inaugurado-museo-de-realismo-espanol-contemporaneo-de-almeria-2\/\">Read more<\/a><\/p><\/div><\/article><article class=\"ugb-blog-posts__item\"><div class=\"ugb-blog-posts__content\"><figure class=\"ugb-blog-posts__featured-image\"><a href=\"https:\/\/artgaucin.com\/en\/juan-antonio-sangil\/\"><img decoding=\"async\" loading=\"lazy\" width=\"600\" height=\"600\" src=\"https:\/\/artgaucin.com\/wp-content\/uploads\/2024\/02\/bienal-aveiro.jpg\" class=\"attachment-large size-large wp-post-image\" alt=\"\" \/><\/a><\/figure><h3 class=\"ugb-blog-posts__title\"><a href=\"https:\/\/artgaucin.com\/en\/juan-antonio-sangil\/\">The work of Juan Antonio Sangil at the XVI International Biennial of Artistic Ceramics of Aveiro<\/a><\/h3><div class=\"ugb-blog-posts__excerpt\"><p>Aveiro Museums 28 October 2023 to 28 January 2024 The member of Art Gauc\u00edn, Juan Antonio Sangil is exhibiting at the XIVI International Biennial of Aveiro. Aveiro occupies a privileged place in the centenary depth of ceramic creation and production, being synonymous of an identity assumed as a factor of innovation and economic, social and&#8230;<\/div><p class=\"ugb-blog-posts__readmore\"><a href=\"https:\/\/artgaucin.com\/en\/juan-antonio-sangil\/\">Read more<\/a><\/p><\/div><\/article><article class=\"ugb-blog-posts__item\"><div class=\"ugb-blog-posts__content\"><figure class=\"ugb-blog-posts__featured-image\"><a href=\"https:\/\/artgaucin.com\/en\/sanchez-zabaleta-winter-group-mokum-galerie\/\"><img decoding=\"async\" loading=\"lazy\" width=\"600\" height=\"743\" src=\"https:\/\/artgaucin.com\/wp-content\/uploads\/2024\/01\/WINTER-GROUP-827x1024.jpg\" class=\"attachment-large size-large wp-post-image\" alt=\"\" \/><\/a><\/figure><h3 class=\"ugb-blog-posts__title\"><a href=\"https:\/\/artgaucin.com\/en\/sanchez-zabaleta-winter-group-mokum-galerie\/\">S\u00e1nchez Zabaleta. Winter group. Mokum Galerie<\/a><\/h3><p class=\"ugb-blog-posts__readmore\"><a href=\"https:\/\/artgaucin.com\/en\/sanchez-zabaleta-winter-group-mokum-galerie\/\">Read more<\/a><\/p><\/div><\/article><article class=\"ugb-blog-posts__item\"><div class=\"ugb-blog-posts__content\"><figure class=\"ugb-blog-posts__featured-image\"><a href=\"https:\/\/artgaucin.com\/en\/raffaela-zenoni-nueva-exposicion-en-zagreb\/\"><img decoding=\"async\" loading=\"lazy\" width=\"500\" height=\"500\" src=\"https:\/\/artgaucin.com\/wp-content\/uploads\/2023\/11\/Za-INstac-i-web-hrv-1-500x500-1.jpg\" class=\"attachment-large size-large wp-post-image\" alt=\"\" \/><\/a><\/figure><h3 class=\"ugb-blog-posts__title\"><a href=\"https:\/\/artgaucin.com\/en\/raffaela-zenoni-nueva-exposicion-en-zagreb\/\">Raffaela Zenoni. New exhibition in Zagreb.<\/a><\/h3><div class=\"ugb-blog-posts__excerpt\"><p>&#8220;THE OTHER ANCESTRAL GALLERY&#8221; JOSIP RA\u010cI\u0106 GALLERY \u2013 NATIONAL MUSEUM OF MODERN ART7-11-202310-01-2024 The National Museum of Modern Art concludes its exhibition programme in 2023 with Raffaele Zenoni&#8217;s exhibition Gallery of Other Ancestors at the Josip Ra\u010di\u0107 Gallery. For the inaugural presentation of her artistic work in Zagreb, the artist chose a dozen intensely coloured&#8230;<\/div><p class=\"ugb-blog-posts__readmore\"><a href=\"https:\/\/artgaucin.com\/en\/raffaela-zenoni-nueva-exposicion-en-zagreb\/\">Read more<\/a><\/p><\/div><\/article><article class=\"ugb-blog-posts__item\"><div class=\"ugb-blog-posts__content\"><figure class=\"ugb-blog-posts__featured-image\"><a href=\"https:\/\/artgaucin.com\/en\/raffaela-zenoni-designs-sets-for-the-opera-don-pasqualele\/\"><img decoding=\"async\" loading=\"lazy\" width=\"600\" height=\"366\" src=\"https:\/\/artgaucin.com\/wp-content\/uploads\/2023\/09\/Don-Pasquale-City-Mag-2023-FINAL-1024x624.jpg\" class=\"attachment-large size-large wp-post-image\" alt=\"\" \/><\/a><\/figure><h3 class=\"ugb-blog-posts__title\"><a href=\"https:\/\/artgaucin.com\/en\/raffaela-zenoni-designs-sets-for-the-opera-don-pasqualele\/\">Raffaela Zenoni designs sets for the opera Don Pasqualele<\/a><\/h3><div class=\"ugb-blog-posts__excerpt\"><p>Donizetti&#8217;s opera Don Pasquale is a turbulent, timeless comedy full of twists, intrigue and poignant moments. Don Pasquale, a wealthy old bachelor, decides to marry to disinherit his nephew Ernesto who, against his uncle&#8217;s wishes, wants to marry the penniless widow Norina. But his confidant Malatesta sides with the young couple and sets a trap&#8230;<\/div><p class=\"ugb-blog-posts__readmore\"><a href=\"https:\/\/artgaucin.com\/en\/raffaela-zenoni-designs-sets-for-the-opera-don-pasqualele\/\">Read more<\/a><\/p><\/div><\/article><article class=\"ugb-blog-posts__item\"><div class=\"ugb-blog-posts__content\"><figure class=\"ugb-blog-posts__featured-image\"><a href=\"https:\/\/artgaucin.com\/en\/art-gaucin-2023\/\"><img decoding=\"async\" loading=\"lazy\" width=\"600\" height=\"424\" src=\"https:\/\/artgaucin.com\/wp-content\/uploads\/2023\/05\/OK.Estudios-ART-GAUCIN-CARA-1.2023-1024x724.jpg\" class=\"attachment-large size-large wp-post-image\" alt=\"\" \/><\/a><\/figure><h3 class=\"ugb-blog-posts__title\"><a href=\"https:\/\/artgaucin.com\/en\/art-gaucin-2023\/\">ART GAUC\u00cdN 2023<\/a><\/h3><p class=\"ugb-blog-posts__readmore\"><a href=\"https:\/\/artgaucin.com\/en\/art-gaucin-2023\/\">Read more<\/a><\/p><\/div><\/article><\/div><\/div><\/div>\n","protected":false},"excerpt":{"rendered":"<p>Art Gauc\u00edn 2025 New edition of Art Gauc\u00edn. May 23, 24 and 25 and May 30, 31 and June 1. This year 18 artists will open the doors of their studios as every year. The two invited artists this year are Humberto Ybarra and David Crespo.We are waiting for you in Gauc\u00edn to enjoy one [&hellip;]<\/p>\n","protected":false},"author":2,"featured_media":0,"parent":0,"menu_order":0,"comment_status":"closed","ping_status":"closed","template":"","meta":{"footnotes":""},"acf":[],"featured_image_urls_v2":{"full":"","thumbnail":"","medium":"","medium_large":"","large":"","1536x1536":"","2048x2048":"","ab-block-post-grid-landscape":"","ab-block-post-grid-square":"","post-thumbnail":"","sullivan_fullscreen":""},"post_excerpt_stackable_v2":"<p>Art Gauc\u00edn 2025New edition of Art Gauc\u00edn. May 23, 24 and 25 and May 30, 31 and June 1. This year 18 artists will open the doors of their studios as every year. The two invited artists this year are Humberto Ybarra and David Crespo.We are waiting for you in Gauc\u00edn to enjoy one more year of&#8230;Read moreThe Museo del Realismo Espa\u00f1ol Contempor\u00e1neo (MUREC, Almer\u00eda) presents the exhibition &#8221; Almer\u00eda. La tierra ausente&#8221; by theThe Museo del Realismo Espa\u00f1ol Contempor\u00e1neo (MUREC, Almer\u00eda) presents the exhibition Almer\u00eda. La tierra ausente by the painter Joseba S\u00e1nchez Zabaleta (Cistierna, Le\u00f3n, 1970), in which&hellip;<\/p>\n","category_list_v2":"","author_info_v2":{"name":"EditorGaucin","url":"https:\/\/artgaucin.com\/en\/author\/editorgaucin\/"},"comments_num_v2":"0 comments","yoast_head":"<!-- This site is optimized with the Yoast SEO plugin v22.3 - https:\/\/yoast.com\/wordpress\/plugins\/seo\/ -->\n<title>News - Art Gauc\u00edn<\/title>\n<meta name=\"robots\" content=\"index, follow, max-snippet:-1, max-image-preview:large, max-video-preview:-1\" \/>\n<link rel=\"canonical\" href=\"https:\/\/artgaucin.com\/news\/\" \/>\n<meta property=\"og:locale\" content=\"en_US\" \/>\n<meta property=\"og:type\" content=\"article\" \/>\n<meta property=\"og:title\" content=\"News - Art Gauc\u00edn\" \/>\n<meta property=\"og:description\" content=\"Art Gauc\u00edn 2025 New edition of Art Gauc\u00edn. May 23, 24 and 25 and May 30, 31 and June 1. This year 18 artists will open the doors of their studios as every year. The two invited artists this year are Humberto Ybarra and David Crespo.We are waiting for you in Gauc\u00edn to enjoy one [&hellip;]\" \/>\n<meta property=\"og:url\" content=\"https:\/\/artgaucin.com\/news\/\" \/>\n<meta property=\"og:site_name\" content=\"Art Gauc\u00edn\" \/>\n<meta property=\"article:modified_time\" content=\"2022-04-22T17:12:11+00:00\" \/>\n<meta name=\"twitter:card\" content=\"summary_large_image\" \/>\n<meta name=\"twitter:label1\" content=\"Est. reading time\" \/>\n\t<meta name=\"twitter:data1\" content=\"1 minute\" \/>\n<script type=\"application\/ld+json\" class=\"yoast-schema-graph\">{\"@context\":\"https:\/\/schema.org\",\"@graph\":[{\"@type\":\"WebPage\",\"@id\":\"https:\/\/artgaucin.com\/news\/\",\"url\":\"https:\/\/artgaucin.com\/news\/\",\"name\":\"News - Art Gauc\u00edn\",\"isPartOf\":{\"@id\":\"https:\/\/artgaucin.com\/#website\"},\"datePublished\":\"2022-04-12T09:41:33+00:00\",\"dateModified\":\"2022-04-22T17:12:11+00:00\",\"breadcrumb\":{\"@id\":\"https:\/\/artgaucin.com\/news\/#breadcrumb\"},\"inLanguage\":\"en-US\",\"potentialAction\":[{\"@type\":\"ReadAction\",\"target\":[\"https:\/\/artgaucin.com\/news\/\"]}]},{\"@type\":\"BreadcrumbList\",\"@id\":\"https:\/\/artgaucin.com\/news\/#breadcrumb\",\"itemListElement\":[{\"@type\":\"ListItem\",\"position\":1,\"name\":\"Home\",\"item\":\"https:\/\/artgaucin.com\/\"},{\"@type\":\"ListItem\",\"position\":2,\"name\":\"News\"}]},{\"@type\":\"WebSite\",\"@id\":\"https:\/\/artgaucin.com\/#website\",\"url\":\"https:\/\/artgaucin.com\/\",\"name\":\"Art Gauc\u00edn\",\"description\":\"\",\"potentialAction\":[{\"@type\":\"SearchAction\",\"target\":{\"@type\":\"EntryPoint\",\"urlTemplate\":\"https:\/\/artgaucin.com\/?s={search_term_string}\"},\"query-input\":\"required name=search_term_string\"}],\"inLanguage\":\"en-US\"}]}<\/script>\n<!-- \/ Yoast SEO plugin. -->","yoast_head_json":{"title":"News - Art Gauc\u00edn","robots":{"index":"index","follow":"follow","max-snippet":"max-snippet:-1","max-image-preview":"max-image-preview:large","max-video-preview":"max-video-preview:-1"},"canonical":"https:\/\/artgaucin.com\/news\/","og_locale":"en_US","og_type":"article","og_title":"News - Art Gauc\u00edn","og_description":"Art Gauc\u00edn 2025 New edition of Art Gauc\u00edn. May 23, 24 and 25 and May 30, 31 and June 1. This year 18 artists will open the doors of their studios as every year. The two invited artists this year are Humberto Ybarra and David Crespo.We are waiting for you in Gauc\u00edn to enjoy one [&hellip;]","og_url":"https:\/\/artgaucin.com\/news\/","og_site_name":"Art Gauc\u00edn","article_modified_time":"2022-04-22T17:12:11+00:00","twitter_card":"summary_large_image","twitter_misc":{"Est. reading time":"1 minute"},"schema":{"@context":"https:\/\/schema.org","@graph":[{"@type":"WebPage","@id":"https:\/\/artgaucin.com\/news\/","url":"https:\/\/artgaucin.com\/news\/","name":"News - Art Gauc\u00edn","isPartOf":{"@id":"https:\/\/artgaucin.com\/#website"},"datePublished":"2022-04-12T09:41:33+00:00","dateModified":"2022-04-22T17:12:11+00:00","breadcrumb":{"@id":"https:\/\/artgaucin.com\/news\/#breadcrumb"},"inLanguage":"en-US","potentialAction":[{"@type":"ReadAction","target":["https:\/\/artgaucin.com\/news\/"]}]},{"@type":"BreadcrumbList","@id":"https:\/\/artgaucin.com\/news\/#breadcrumb","itemListElement":[{"@type":"ListItem","position":1,"name":"Home","item":"https:\/\/artgaucin.com\/"},{"@type":"ListItem","position":2,"name":"News"}]},{"@type":"WebSite","@id":"https:\/\/artgaucin.com\/#website","url":"https:\/\/artgaucin.com\/","name":"Art Gauc\u00edn","description":"","potentialAction":[{"@type":"SearchAction","target":{"@type":"EntryPoint","urlTemplate":"https:\/\/artgaucin.com\/?s={search_term_string}"},"query-input":"required name=search_term_string"}],"inLanguage":"en-US"}]}},"featured_image_src":null,"featured_image_src_square":null,"jetpack_sharing_enabled":true,"_links":{"self":[{"href":"https:\/\/artgaucin.com\/en\/wp-json\/wp\/v2\/pages\/5876"}],"collection":[{"href":"https:\/\/artgaucin.com\/en\/wp-json\/wp\/v2\/pages"}],"about":[{"href":"https:\/\/artgaucin.com\/en\/wp-json\/wp\/v2\/types\/page"}],"author":[{"embeddable":true,"href":"https:\/\/artgaucin.com\/en\/wp-json\/wp\/v2\/users\/2"}],"replies":[{"embeddable":true,"href":"https:\/\/artgaucin.com\/en\/wp-json\/wp\/v2\/comments?post=5876"}],"version-history":[{"count":5,"href":"https:\/\/artgaucin.com\/en\/wp-json\/wp\/v2\/pages\/5876\/revisions"}],"predecessor-version":[{"id":7093,"href":"https:\/\/artgaucin.com\/en\/wp-json\/wp\/v2\/pages\/5876\/revisions\/7093"}],"wp:attachment":[{"href":"https:\/\/artgaucin.com\/en\/wp-json\/wp\/v2\/media?parent=5876"}],"curies":[{"name":"wp","href":"https:\/\/api.w.org\/{rel}","templated":true}]}}